{"id":7181,"date":"2024-03-29T12:50:05","date_gmt":"2024-03-29T11:50:05","guid":{"rendered":"https:\/\/www.acenter.it\/newsletter\/"},"modified":"2024-04-26T10:53:34","modified_gmt":"2024-04-26T08:53:34","slug":"newsletter","status":"publish","type":"page","link":"https:\/\/www.acenter.it\/de\/newsletter\/","title":{"rendered":"Newsletter"},"content":{"rendered":"\n<div style=\"height:50px\" aria-hidden=\"true\" class=\"wp-block-spacer\"><\/div>\n\n\n\n<h2 class=\"wp-block-heading\"><strong>Beitreten Sie unser Newsletter!<\/strong><\/h2>\n\n\n\n<p>Melden Sie sich an und bleiben Sie \u00fcber Neuigkeiten und Angebote unserer Agentur informiert.<\/p>\n\n\n\n<div class=\"wp-block-contact-form-7-contact-form-selector\">\n<div class=\"wpcf7 no-js\" id=\"wpcf7-f7216-o1\" lang=\"de-DE\" dir=\"ltr\" data-wpcf7-id=\"7216\">\n<div class=\"screen-reader-response\"><p role=\"status\" aria-live=\"polite\" aria-atomic=\"true\"><\/p> <ul><\/ul><\/div>\n<form action=\"\/de\/wp-json\/wp\/v2\/pages\/7181#wpcf7-f7216-o1\" method=\"post\" class=\"wpcf7-form init\" aria-label=\"Kontaktformular\" novalidate=\"novalidate\" data-status=\"init\">\n<fieldset class=\"hidden-fields-container\"><input type=\"hidden\" name=\"_wpcf7\" value=\"7216\" \/><input type=\"hidden\" name=\"_wpcf7_version\" value=\"6.1.5\" \/><input type=\"hidden\" name=\"_wpcf7_locale\" value=\"de_DE\" \/><input type=\"hidden\" name=\"_wpcf7_unit_tag\" value=\"wpcf7-f7216-o1\" \/><input type=\"hidden\" name=\"_wpcf7_container_post\" value=\"0\" \/><input type=\"hidden\" name=\"_wpcf7_posted_data_hash\" value=\"\" \/><input type=\"hidden\" name=\"_wpcf7dtx_version\" value=\"5.0.5\" \/>\n<\/fieldset>\n<div class=\"row text-center\">\n\t<div class=\"col-md\">\n\t\t<p><span class=\"wpcf7-form-control-wrap\" data-name=\"your-name\"><input size=\"40\" maxlength=\"400\" class=\"wpcf7-form-control wpcf7-text wpcf7-validates-as-required\" aria-required=\"true\" aria-invalid=\"false\" placeholder=\"Name\" value=\"\" type=\"text\" name=\"your-name\" \/><\/span>\n\t\t<\/p>\n\t<\/div>\n\t<div class=\"col-md\">\n\t\t<p><span class=\"wpcf7-form-control-wrap\" data-name=\"your-surname\"><input size=\"40\" maxlength=\"400\" class=\"wpcf7-form-control wpcf7-text wpcf7-validates-as-required\" aria-required=\"true\" aria-invalid=\"false\" placeholder=\"Nachname\" value=\"\" type=\"text\" name=\"your-surname\" \/><\/span>\n\t\t<\/p>\n\t<\/div>\n<\/div>\n<p><span class=\"wpcf7-form-control-wrap\" data-name=\"your-email\"><input size=\"40\" maxlength=\"400\" class=\"wpcf7-form-control wpcf7-email wpcf7-validates-as-required wpcf7-text wpcf7-validates-as-email\" aria-required=\"true\" aria-invalid=\"false\" placeholder=\"Email\" value=\"\" type=\"email\" name=\"your-email\" \/><\/span>\n<\/p>\n<p><label class=\"his_place checkbox\"><span class=\"wpcf7-form-control-wrap\" data-name=\"privacy\"><span class=\"wpcf7-form-control wpcf7-acceptance\"><span class=\"wpcf7-list-item\"><input type=\"checkbox\" name=\"privacy\" value=\"1\" aria-invalid=\"false\" \/><\/span><\/span><\/span> Ich habe die <a href=\"\/de\/informativa-newsletter\/\" target=\"_blank\"><u>DATENSCHUTZERKL\u00c4RUNG<\/u><\/a> gelesen.<\/label>\n\t<font size=\"2\">Ich erkl\u00e4re, dass ich die Informationen zur Datenverarbeitung gem\u00e4\u00df Artikel 13 und 6 der EU-Verordnung 216\/679 gelesen habe.\n\t<\/font>\n<\/p>\n<p><div class=\"altcha-widget-wrap\"><altcha-widget challengeurl=\"https:\/\/www.acenter.it\/de\/wp-json\/altcha\/v1\/challenge\" strings=\"{&quot;error&quot;:&quot;Verifizierung fehlgeschlagen. Bitte versuchen Sie es sp\\u00e4ter erneut.&quot;,&quot;footer&quot;:&quot;Gesch\\u00fctzt durch &lt;a href=\\&quot;https:\\\/\\\/altcha.org\\\/\\&quot; target=\\&quot;_blank\\&quot;&gt;ALTCHA&lt;\\\/a&gt;&quot;,&quot;label&quot;:&quot;Ich bin kein Roboter&quot;,&quot;verified&quot;:&quot;\\u00dcberpr\\u00fcft&quot;,&quot;verifying&quot;:&quot;\\u00dcberpr\\u00fcfung...&quot;,&quot;waitAlert&quot;:&quot;\\u00dcberpr\\u00fcfung... Bitte warten.&quot;}\" hidefooter=\"1\"><\/altcha-widget><noscript><div class=\"altcha-no-javascript\">This form requires JavaScript!<\/div><\/noscript><\/div><input class=\"wpcf7-form-control wpcf7-submit has-spinner\" type=\"submit\" value=\"Anmelden\" \/>\n<\/p><div class=\"wpcf7-response-output\" aria-hidden=\"true\"><\/div>\n<\/form>\n<\/div>\n<\/div>\n","protected":false},"excerpt":{"rendered":"<p>Beitreten Sie unser Newsletter! Melden Sie sich an und bleiben Sie \u00fcber Neuigkeiten und Angebote unserer Agentur informiert.<\/p>\n","protected":false},"author":2,"featured_media":0,"parent":0,"menu_order":0,"comment_status":"closed","ping_status":"closed","template":"nosidebars.php","meta":{"footnotes":""},"class_list":["post-7181","page","type-page","status-publish","hentry"],"_links":{"self":[{"href":"https:\/\/www.acenter.it\/de\/wp-json\/wp\/v2\/pages\/7181","targetHints":{"allow":["GET"]}}],"collection":[{"href":"https:\/\/www.acenter.it\/de\/wp-json\/wp\/v2\/pages"}],"about":[{"href":"https:\/\/www.acenter.it\/de\/wp-json\/wp\/v2\/types\/page"}],"author":[{"embeddable":true,"href":"https:\/\/www.acenter.it\/de\/wp-json\/wp\/v2\/users\/2"}],"replies":[{"embeddable":true,"href":"https:\/\/www.acenter.it\/de\/wp-json\/wp\/v2\/comments?post=7181"}],"version-history":[{"count":2,"href":"https:\/\/www.acenter.it\/de\/wp-json\/wp\/v2\/pages\/7181\/revisions"}],"predecessor-version":[{"id":7219,"href":"https:\/\/www.acenter.it\/de\/wp-json\/wp\/v2\/pages\/7181\/revisions\/7219"}],"wp:attachment":[{"href":"https:\/\/www.acenter.it\/de\/wp-json\/wp\/v2\/media?parent=7181"}],"curies":[{"name":"wp","href":"https:\/\/api.w.org\/{rel}","templated":true}]}}